{"id":2,"date":"2012-09-28T16:27:16","date_gmt":"2012-09-28T16:27:16","guid":{"rendered":"http:\/\/bp13.eutamogatas.org.hu\/?page_id=2"},"modified":"2012-10-02T11:14:54","modified_gmt":"2012-10-02T09:14:54","slug":"ez-egy-minta-oldal","status":"publish","type":"page","link":"http:\/\/bp13.eutamogatas.org.hu\/","title":{"rendered":"A beruh\u00e1z\u00e1s"},"content":{"rendered":"<p>A XIII. Ker\u00fcleti \u00d6nkorm\u00e1nyzat Madar\u00e1sz Viktor Tag\u00f3vod\u00e1j\u00e1t k\u00edv\u00e1nja 2db csoportszob\u00e1val b\u0151v\u00edteni, az \u00e9p\u00fcletet korszer\u0171s\u00edteni, akad\u00e1lymentess\u00e9 tenni. A fejleszt\u00e9s c\u00e9lja, hogy a lakoss\u00e1gi ig\u00e9nyeket kiel\u00e9g\u00edts\u00e9k, n\u00f6velj\u00e9k az \u00f3vodai f\u00e9r\u0151helyek sz\u00e1m\u00e1t \u00e9s megval\u00f3s\u00edts\u00e1k a min\u0151s\u00e9gi nevel\u00e9s felt\u00e9teleit. 40 \u00faj f\u00e9r\u0151hely ker\u00fcl kialak\u00edt\u00e1sra, \u00faj tornaszoba \u00e9p\u00fcl, meg\u00fajul a j\u00e1tsz\u00f3udvar. A projekt \u00f6sszk\u00f6lts\u00e9ge: 457 999 916 Ft amelyb\u0151l 126 315 780 Ft elsz\u00e1molhat\u00f3 k\u00f6lts\u00e9g, 119 999 991 Ft a t\u00e1mogat\u00e1s.<\/p>\n","protected":false},"excerpt":{"rendered":"<p>A XIII. Ker\u00fcleti \u00d6nkorm\u00e1nyzat Madar\u00e1sz Viktor Tag\u00f3vod\u00e1j\u00e1t k\u00edv\u00e1nja 2db csoportszob\u00e1val b\u0151v\u00edteni, az \u00e9p\u00fcletet korszer\u0171s\u00edteni, akad\u00e1lymentess\u00e9 tenni. A fejleszt\u00e9s c\u00e9lja, hogy a lakoss\u00e1gi ig\u00e9nyeket kiel\u00e9g\u00edts\u00e9k, n\u00f6velj\u00e9k az \u00f3vodai f\u00e9r\u0151helyek sz\u00e1m\u00e1t \u00e9s megval\u00f3s\u00edts\u00e1k a min\u0151s\u00e9gi nevel\u00e9s felt\u00e9teleit. 40 \u00faj f\u00e9r\u0151hely ker\u00fcl kialak\u00edt\u00e1sra, &hellip; <a href=\"http:\/\/bp13.eutamogatas.org.hu\/\">Continue reading <span class=\"meta-nav\">&rarr;<\/span><\/a><\/p>\n","protected":false},"author":1,"featured_media":0,"parent":0,"menu_order":0,"comment_status":"open","ping_status":"open","template":"","meta":[],"_links":{"self":[{"href":"http:\/\/bp13.eutamogatas.org.hu\/index.php?rest_route=\/wp\/v2\/pages\/2"}],"collection":[{"href":"http:\/\/bp13.eutamogatas.org.hu\/index.php?rest_route=\/wp\/v2\/pages"}],"about":[{"href":"http:\/\/bp13.eutamogatas.org.hu\/index.php?rest_route=\/wp\/v2\/types\/page"}],"author":[{"embeddable":true,"href":"http:\/\/bp13.eutamogatas.org.hu\/index.php?rest_route=\/wp\/v2\/users\/1"}],"replies":[{"embeddable":true,"href":"http:\/\/bp13.eutamogatas.org.hu\/index.php?rest_route=%2Fwp%2Fv2%2Fcomments&post=2"}],"version-history":[{"count":2,"href":"http:\/\/bp13.eutamogatas.org.hu\/index.php?rest_route=\/wp\/v2\/pages\/2\/revisions"}],"predecessor-version":[{"id":14,"href":"http:\/\/bp13.eutamogatas.org.hu\/index.php?rest_route=\/wp\/v2\/pages\/2\/revisions\/14"}],"wp:attachment":[{"href":"http:\/\/bp13.eutamogatas.org.hu\/index.php?rest_route=%2Fwp%2Fv2%2Fmedia&parent=2"}],"curies":[{"name":"wp","href":"https:\/\/api.w.org\/{rel}","templated":true}]}}