{"id":7,"date":"2012-09-30T10:22:36","date_gmt":"2012-09-30T08:22:36","guid":{"rendered":"http:\/\/bp13.eutamogatas.org.hu\/?page_id=7"},"modified":"2012-10-02T14:52:54","modified_gmt":"2012-10-02T12:52:54","slug":"a-tamogatas","status":"publish","type":"page","link":"http:\/\/bp13.eutamogatas.org.hu\/?page_id=7","title":{"rendered":"A t\u00e1mogat\u00e1s"},"content":{"rendered":"<p><strong>Projekt megnevez\u00e9se:<\/strong> Madar\u00e1sz Viktor Tag\u00f3voda korszer\u0171s\u00edt\u00e9se, b\u0151v\u00edt\u00e9se<\/p>\n<p><strong>Kedvezm\u00e9nyezett:<\/strong> Budapest F\u0151v\u00e1ros XIII. Ker\u00fcleti \u00d6nkorm\u00e1nyzat<\/p>\n<p><strong>Konstrukci\u00f3 sz\u00e1ma:<\/strong>\u00a0KMOP-4.6.1-11<\/p>\n<p><strong>A projekt azonos\u00edt\u00f3 sz\u00e1ma:<\/strong>\u00a0KMOP-4.6.1-11-2012-0023<\/p>\n<p><strong>T\u00e1mogat\u00e1s \u00f6sszege:<\/strong> 119 999 991 Ft<\/p>\n<p><strong>A projekt elsz\u00e1molhat\u00f3 k\u00f6lts\u00e9ge:<\/strong> 126 315 780 Ft<\/p>\n<p><strong>Projekt id\u0151tartama (tervezett):<\/strong>\u00a02012.04.27 &#8211; 2012.12.31.<\/p>\n<p><strong>K\u00f6zrem\u0171k\u00f6d\u0151 szervezet:\u00a0<\/strong>MAG &#8211; Magyar Gazdas\u00e1gfejleszt\u00e9si K\u00f6zpont Zrt<\/p>\n","protected":false},"excerpt":{"rendered":"<p>Projekt megnevez\u00e9se: Madar\u00e1sz Viktor Tag\u00f3voda korszer\u0171s\u00edt\u00e9se, b\u0151v\u00edt\u00e9se Kedvezm\u00e9nyezett: Budapest F\u0151v\u00e1ros XIII. Ker\u00fcleti \u00d6nkorm\u00e1nyzat Konstrukci\u00f3 sz\u00e1ma:\u00a0KMOP-4.6.1-11 A projekt azonos\u00edt\u00f3 sz\u00e1ma:\u00a0KMOP-4.6.1-11-2012-0023 T\u00e1mogat\u00e1s \u00f6sszege: 119 999 991 Ft A projekt elsz\u00e1molhat\u00f3 k\u00f6lts\u00e9ge: 126 315 780 Ft Projekt id\u0151tartama (tervezett):\u00a02012.04.27 &#8211; 2012.12.31. K\u00f6zrem\u0171k\u00f6d\u0151 szervezet:\u00a0MAG &hellip; <a href=\"http:\/\/bp13.eutamogatas.org.hu\/?page_id=7\">Continue reading <span class=\"meta-nav\">&rarr;<\/span><\/a><\/p>\n","protected":false},"author":1,"featured_media":0,"parent":0,"menu_order":0,"comment_status":"open","ping_status":"open","template":"","meta":[],"_links":{"self":[{"href":"http:\/\/bp13.eutamogatas.org.hu\/index.php?rest_route=\/wp\/v2\/pages\/7"}],"collection":[{"href":"http:\/\/bp13.eutamogatas.org.hu\/index.php?rest_route=\/wp\/v2\/pages"}],"about":[{"href":"http:\/\/bp13.eutamogatas.org.hu\/index.php?rest_route=\/wp\/v2\/types\/page"}],"author":[{"embeddable":true,"href":"http:\/\/bp13.eutamogatas.org.hu\/index.php?rest_route=\/wp\/v2\/users\/1"}],"replies":[{"embeddable":true,"href":"http:\/\/bp13.eutamogatas.org.hu\/index.php?rest_route=%2Fwp%2Fv2%2Fcomments&post=7"}],"version-history":[{"count":6,"href":"http:\/\/bp13.eutamogatas.org.hu\/index.php?rest_route=\/wp\/v2\/pages\/7\/revisions"}],"predecessor-version":[{"id":15,"href":"http:\/\/bp13.eutamogatas.org.hu\/index.php?rest_route=\/wp\/v2\/pages\/7\/revisions\/15"}],"wp:attachment":[{"href":"http:\/\/bp13.eutamogatas.org.hu\/index.php?rest_route=%2Fwp%2Fv2%2Fmedia&parent=7"}],"curies":[{"name":"wp","href":"https:\/\/api.w.org\/{rel}","templated":true}]}}