{"id":9,"date":"2012-09-30T10:22:53","date_gmt":"2012-09-30T08:22:53","guid":{"rendered":"http:\/\/bp13.eutamogatas.org.hu\/?page_id=9"},"modified":"2012-10-02T12:01:58","modified_gmt":"2012-10-02T10:01:58","slug":"kapcsolat","status":"publish","type":"page","link":"http:\/\/bp13.eutamogatas.org.hu\/?page_id=9","title":{"rendered":"Kapcsolat"},"content":{"rendered":"<p>Amennyiben szeretn\u00e9 felvenni a kapcsolatot a projektet k\u00e9pvisel\u0151 menedzsmenttel, k\u00e9rj\u00fck \u00edrjon az al\u00e1bbi c\u00edmre!<\/p>\n<p><a href=\"mailto:egrirozalia@kozszolgaltato.bp13.hu\">egrirozalia@kozszolgaltato.bp13.hu<\/a><\/p>\n","protected":false},"excerpt":{"rendered":"<p>Amennyiben szeretn\u00e9 felvenni a kapcsolatot a projektet k\u00e9pvisel\u0151 menedzsmenttel, k\u00e9rj\u00fck \u00edrjon az al\u00e1bbi c\u00edmre! egrirozalia@kozszolgaltato.bp13.hu<\/p>\n","protected":false},"author":1,"featured_media":0,"parent":0,"menu_order":0,"comment_status":"open","ping_status":"open","template":"","meta":[],"_links":{"self":[{"href":"http:\/\/bp13.eutamogatas.org.hu\/index.php?rest_route=\/wp\/v2\/pages\/9"}],"collection":[{"href":"http:\/\/bp13.eutamogatas.org.hu\/index.php?rest_route=\/wp\/v2\/pages"}],"about":[{"href":"http:\/\/bp13.eutamogatas.org.hu\/index.php?rest_route=\/wp\/v2\/types\/page"}],"author":[{"embeddable":true,"href":"http:\/\/bp13.eutamogatas.org.hu\/index.php?rest_route=\/wp\/v2\/users\/1"}],"replies":[{"embeddable":true,"href":"http:\/\/bp13.eutamogatas.org.hu\/index.php?rest_route=%2Fwp%2Fv2%2Fcomments&post=9"}],"version-history":[{"count":3,"href":"http:\/\/bp13.eutamogatas.org.hu\/index.php?rest_route=\/wp\/v2\/pages\/9\/revisions"}],"predecessor-version":[{"id":19,"href":"http:\/\/bp13.eutamogatas.org.hu\/index.php?rest_route=\/wp\/v2\/pages\/9\/revisions\/19"}],"wp:attachment":[{"href":"http:\/\/bp13.eutamogatas.org.hu\/index.php?rest_route=%2Fwp%2Fv2%2Fmedia&parent=9"}],"curies":[{"name":"wp","href":"https:\/\/api.w.org\/{rel}","templated":true}]}}